{"id":572,"date":"2025-10-28T19:59:22","date_gmt":"2025-10-28T18:59:22","guid":{"rendered":"https:\/\/drsheijmans.be\/?page_id=572"},"modified":"2025-12-15T11:54:05","modified_gmt":"2025-12-15T11:54:05","slug":"nouveau-patient","status":"publish","type":"page","link":"https:\/\/medi-toussaint.be\/index.php\/nouveau-patient\/","title":{"rendered":"Vous d\u00e9sirez vous inscrire ?"},"content":{"rendered":"\n<h2 class=\"wp-block-heading has-white-color has-text-color has-background has-link-color has-large-font-size wp-elements-135453cc464a1e55051a9ffcf401ccf0\" style=\"background-color:#4db8aa\">Pour avoir acc\u00e8s \u00e0 la prise de rendez-vous en ligne, merci de bien vouloir nous envoyer un mail \u00e0 meditoussaint@gmail.com avec\u00a0:<\/h2>\n\n\n\n<ul style=\"background-color:#4db8aa\" class=\"wp-block-list has-background\">\n<li class=\"has-white-color has-text-color has-link-color wp-elements-d69b52e6748ef2e39d54b03e920a4133\" style=\"font-size:26px\">vos coordonn\u00e9es<\/li>\n\n\n\n<li class=\"has-white-color has-text-color has-link-color wp-elements-4787b9c10b42c2b52e0a2a8987dd5d3d\" style=\"font-size:26px\">votre adresse<\/li>\n\n\n\n<li class=\"has-white-color has-text-color has-link-color wp-elements-67a66b18877d440ce5cbb47cdc3b8513\" style=\"font-size:26px\">votre mobilit\u00e9 (capacit\u00e9 \u00e0 se d\u00e9placer au cabinet ou non)<\/li>\n<\/ul>\n\n\n\n<h2 class=\"wp-block-heading has-text-align-center has-vivid-red-color has-text-color has-link-color wp-elements-518d5c33ffca5922554a8d2c6a3b855f\" style=\"font-size:26px\">Afin d\u2019offrir une prise en charge optimale, nous sommes malheureusement contraints de refuser les patients qui habitent trop loin.<\/h2>\n\n\n\n<p><\/p>\n","protected":false},"excerpt":{"rendered":"<p>Pour avoir acc\u00e8s \u00e0 la prise de rendez-vous en ligne, merci de bien vouloir nous envoyer un mail \u00e0 meditoussaint@gmail.com avec\u00a0: Afin d\u2019offrir une prise en charge optimale, nous sommes malheureusement contraints de refuser les patients qui habitent trop loin.<\/p>\n","protected":false},"author":1,"featured_media":0,"parent":0,"menu_order":0,"comment_status":"closed","ping_status":"closed","template":"","meta":{"footnotes":""},"class_list":["post-572","page","type-page","status-publish","hentry"],"_links":{"self":[{"href":"https:\/\/medi-toussaint.be\/index.php\/wp-json\/wp\/v2\/pages\/572","targetHints":{"allow":["GET"]}}],"collection":[{"href":"https:\/\/medi-toussaint.be\/index.php\/wp-json\/wp\/v2\/pages"}],"about":[{"href":"https:\/\/medi-toussaint.be\/index.php\/wp-json\/wp\/v2\/types\/page"}],"author":[{"embeddable":true,"href":"https:\/\/medi-toussaint.be\/index.php\/wp-json\/wp\/v2\/users\/1"}],"replies":[{"embeddable":true,"href":"https:\/\/medi-toussaint.be\/index.php\/wp-json\/wp\/v2\/comments?post=572"}],"version-history":[{"count":2,"href":"https:\/\/medi-toussaint.be\/index.php\/wp-json\/wp\/v2\/pages\/572\/revisions"}],"predecessor-version":[{"id":651,"href":"https:\/\/medi-toussaint.be\/index.php\/wp-json\/wp\/v2\/pages\/572\/revisions\/651"}],"wp:attachment":[{"href":"https:\/\/medi-toussaint.be\/index.php\/wp-json\/wp\/v2\/media?parent=572"}],"curies":[{"name":"wp","href":"https:\/\/api.w.org\/{rel}","templated":true}]}}