{"id":23,"date":"2021-11-11T08:57:39","date_gmt":"2021-11-11T07:57:39","guid":{"rendered":"http:\/\/drsheijmans.be\/?page_id=23"},"modified":"2026-03-10T12:42:59","modified_gmt":"2026-03-10T12:42:59","slug":"rendez-vous","status":"publish","type":"page","link":"https:\/\/medi-toussaint.be\/","title":{"rendered":"Pour prendre rendez-vous"},"content":{"rendered":"\n<div class=\"wp-block-buttons is-content-justification-right is-layout-flex wp-container-core-buttons-is-layout-765c4724 wp-block-buttons-is-layout-flex\">\n<div class=\"wp-block-button\"><a class=\"wp-block-button__link has-white-color has-vivid-red-background-color has-text-color has-background has-link-color wp-element-button\" href=\"https:\/\/nl.medi-toussaint.be\" style=\"border-radius:15px\">Doorgaan in het Nederlands<\/a><\/div>\n<\/div>\n\n\n\n<h2 class=\"wp-block-heading has-vivid-red-color has-text-color has-link-color wp-elements-11161b4edd8922c0b1ba2441c4958360\">Nous ne prenons temporairement plus de nouveaux patients. Le Dr Jean Heijmans sera peu pr\u00e9sent en mars et avril 2026<\/h2>\n\n\n\n<div class=\"wp-block-columns alignfull is-layout-flex wp-container-core-columns-is-layout-9d6595d7 wp-block-columns-is-layout-flex\">\n<div class=\"wp-block-column is-layout-flow wp-block-column-is-layout-flow\">\n<div class=\"wp-block-buttons is-content-justification-center is-layout-flex wp-container-core-buttons-is-layout-16018d1d wp-block-buttons-is-layout-flex\"><\/div>\n<\/div>\n<\/div>\n\n\n\n<div style=\"height:20px\" aria-hidden=\"true\" class=\"wp-block-spacer\"><\/div>\n\n\n\n<p><\/p>\n\n\n\n<div class=\"wp-block-columns is-layout-flex wp-container-core-columns-is-layout-9d6595d7 wp-block-columns-is-layout-flex\">\n<div class=\"wp-block-column is-layout-flow wp-block-column-is-layout-flow\" style=\"flex-basis:33.33%\">\n<div class=\"wp-block-buttons is-content-justification-center is-layout-flex wp-container-core-buttons-is-layout-16018d1d wp-block-buttons-is-layout-flex\">\n<div class=\"wp-block-button\"><a class=\"wp-block-button__link has-background has-normal-font-size has-custom-font-size wp-element-button\" href=\"https:\/\/medi-toussaint.be\/?page_id=131\" style=\"border-radius:15px;background-color:#d72322\">Nos horaires<\/a><\/div>\n\n\n\n<div class=\"wp-block-button\"><a class=\"wp-block-button__link has-background has-normal-font-size has-custom-font-size wp-element-button\" href=\"https:\/\/medi-toussaint.be\/?page_id=572\" style=\"border-radius:15px;background-color:#d72322\">Nouveau Patient<\/a><\/div>\n<\/div>\n<\/div>\n\n\n\n<div class=\"wp-block-column is-layout-flow wp-block-column-is-layout-flow\" style=\"flex-basis:66.66%\">\n<ul style=\"background-color:#4db8aa\" class=\"wp-block-list has-white-color has-text-color has-background\">\n<li style=\"font-size:20px\"><mark style=\"background-color:rgba(0, 0, 0, 0)\" class=\"has-inline-color has-white-color\">Veuillez  prendre rendez-vous<\/mark>, <mark style=\"background-color:rgba(0, 0, 0, 0)\" class=\"has-inline-color has-white-color\">dans la mesure du possible,  via les liens ci-dessous afin de ne pas perturber la consultation des autres patients.<\/mark><\/li>\n\n\n\n<li class=\"has-white-color has-text-color has-link-color wp-elements-96b9d276cedeef223f1405eadd4ee158\" style=\"font-size:20px\"><span style=\"text-decoration: underline;\">Si vous \u00eates un nouveau patient,<\/span> veuillez cliquer sur l&rsquo;onglet \u00ab\u00a0Nouveau Patient\u00a0\u00bb.<\/li>\n\n\n\n<li class=\"has-white-color has-text-color has-link-color wp-elements-dbbb59e7d63e3af1f685ae71dfffbff9\" style=\"font-size:20px\">Si vous venez pour plusieurs patients, veuillez de prendre un rendez-vous pour 2 ou 3 patients ou plusieurs rendez-vous distincts.<\/li>\n\n\n\n<li class=\"has-white-color has-text-color has-link-color wp-elements-d9c820a4647ec002133453e87f5f0424\" style=\"font-size:20px\">Vous pouvez v\u00e9rifier, annuler ou modifier un rendez-vous via le lien \u00e0 droite ci-dessous<\/li>\n\n\n\n<li class=\"has-white-color has-text-color has-link-color wp-elements-16afc3d1e8dc72ecf12469cd90ea8ce3\" style=\"font-size:20px\">Notre mode de paiement pr\u00e9f\u00e9r\u00e9 est par application via un QR code<\/li>\n\n\n\n<li style=\"font-size:20px\"><mark style=\"background-color:rgba(0, 0, 0, 0)\" class=\"has-inline-color has-white-color\">Les demandes de visite \u00e0 domicile se font uniquement par t\u00e9l\u00e9phone.<\/mark><\/li>\n<\/ul>\n\n\n\n<p><\/p>\n<\/div>\n<\/div>\n\n\n\n<div style=\"height:26px\" aria-hidden=\"true\" class=\"wp-block-spacer\"><\/div>\n\n\n\n<div class=\"wp-block-columns alignfull is-layout-flex wp-container-core-columns-is-layout-9d6595d7 wp-block-columns-is-layout-flex\">\n<div class=\"wp-block-column is-layout-flow wp-block-column-is-layout-flow\"><\/div>\n\n\n\n<div class=\"wp-block-column is-layout-flow wp-block-column-is-layout-flow\"><\/div>\n<\/div>\n\n\n\n<div class=\"wp-block-columns is-layout-flex wp-container-core-columns-is-layout-9d6595d7 wp-block-columns-is-layout-flex\">\n<div class=\"wp-block-column is-layout-flow wp-block-column-is-layout-flow\"><\/div>\n\n\n\n<div class=\"wp-block-column is-layout-flow wp-block-column-is-layout-flow\">\n<div class=\"wp-block-buttons is-horizontal is-content-justification-center is-layout-flex wp-container-core-buttons-is-layout-499968f5 wp-block-buttons-is-layout-flex\">\n<div class=\"wp-block-button\"><a class=\"wp-block-button__link has-vivid-red-background-color has-background has-normal-font-size has-custom-font-size wp-element-button\" href=\"https:\/\/progenda.be\/centers\/anne-sophie-heijmans\/availabilities?locale=fr\" style=\"border-radius:15px\">Voir les premi\u00e8res disponibilit\u00e9s en cliquant ici<\/a><\/div>\n<\/div>\n<\/div>\n\n\n\n<div class=\"wp-block-column is-layout-flow wp-block-column-is-layout-flow\">\n<div class=\"wp-block-buttons is-layout-flex wp-block-buttons-is-layout-flex\">\n<div class=\"wp-block-button is-style-outline is-style-outline--1\"><a class=\"wp-block-button__link has-black-color has-text-color has-link-color wp-element-button\" href=\"https:\/\/progenda.be\/centers\/anne-sophie-heijmans\/reminder\/new?locale=fr\" style=\"border-radius:15px\">V\u00e9rifier, modifier ou annuler un rendez-vous en cliquant ici<\/a><\/div>\n<\/div>\n<\/div>\n<\/div>\n\n\n\n<p><\/p>\n\n\n\n<div style=\"height:50px\" aria-hidden=\"true\" class=\"wp-block-spacer\"><\/div>\n\n\n\n<div class=\"wp-block-columns is-layout-flex wp-container-core-columns-is-layout-9d6595d7 wp-block-columns-is-layout-flex\">\n<div class=\"wp-block-column is-layout-flow wp-block-column-is-layout-flow\">\n<div class=\"wp-block-buttons is-horizontal is-content-justification-right is-layout-flex wp-container-core-buttons-is-layout-ae2fe186 wp-block-buttons-is-layout-flex\">\n<div class=\"wp-block-button\"><a class=\"wp-block-button__link has-white-color has-text-color has-background has-normal-font-size has-custom-font-size wp-element-button\" href=\"https:\/\/progenda.be\/calendars\/docteur-de-briey-silvia-medecine-generale-jette\/availabilities?locale=fr\" style=\"border-radius:15px;background-color:#4db8aa\">Rendez-vous avec le Dr Silvia de Briey<\/a><\/div>\n<\/div>\n<\/div>\n\n\n\n<div class=\"wp-block-column is-layout-flow wp-block-column-is-layout-flow\">\n<div class=\"wp-block-buttons is-layout-flex wp-block-buttons-is-layout-flex\">\n<div class=\"wp-block-button\"><a class=\"wp-block-button__link has-background wp-element-button\" href=\"https:\/\/progenda.be\/calendars\/docteur-anne-sophie-heijmans-medecine-generale-jette\/availabilities\" style=\"background-color:#4db8aa\">Rendez-vous chez le Dr Anne-Sophie Heijmans<\/a><\/div>\n<\/div>\n<\/div>\n\n\n\n<div class=\"wp-block-column is-layout-flow wp-block-column-is-layout-flow\">\n<div class=\"wp-block-buttons is-layout-flex wp-block-buttons-is-layout-flex\">\n<div class=\"wp-block-button\"><a class=\"wp-block-button__link has-background has-normal-font-size has-custom-font-size wp-element-button\" href=\"https:\/\/progenda.be\/calendars\/docteur-heijmans-jean-medecine-generale-lennik\/availabilities\" style=\"border-radius:15px;background-color:#4db8aa\" target=\"_blank\" rel=\"noreferrer noopener\">Rendez-vous chez Dr Jean Heijmans<\/a><\/div>\n<\/div>\n<\/div>\n<\/div>\n\n\n\n<div style=\"height:50px\" aria-hidden=\"true\" class=\"wp-block-spacer\"><\/div>\n\n\n\n<div class=\"wp-block-columns is-layout-flex wp-container-core-columns-is-layout-9d6595d7 wp-block-columns-is-layout-flex\">\n<div class=\"wp-block-column is-layout-flow wp-block-column-is-layout-flow\"><\/div>\n\n\n\n<div class=\"wp-block-column is-layout-flow wp-block-column-is-layout-flow\">\n<div class=\"wp-block-buttons is-horizontal is-content-justification-center is-layout-flex wp-container-core-buttons-is-layout-499968f5 wp-block-buttons-is-layout-flex\">\n<div class=\"wp-block-button\"><a class=\"wp-block-button__link has-background has-normal-font-size has-custom-font-size wp-element-button\" href=\"https:\/\/medi-toussaint.be\/?page_id=147\" style=\"border-radius:15px;background-color:#d72323\">Vous ne parvenez pas \u00e0 prendre rendez-vous, cliquez ici<\/a><\/div>\n<\/div>\n<\/div>\n\n\n\n<div class=\"wp-block-column is-layout-flow wp-block-column-is-layout-flow\">\n<div class=\"wp-block-buttons is-layout-flex wp-block-buttons-is-layout-flex\">\n<div class=\"wp-block-button is-style-fill\"><a class=\"wp-block-button__link has-background has-normal-font-size has-custom-font-size wp-element-button\" href=\"https:\/\/medi-toussaint.be\/?page_id=115\" style=\"border-radius:15px;background-color:#4db8aa\">Mode de paiement<\/a><\/div>\n<\/div>\n<\/div>\n<\/div>\n\n\n\n<div class=\"wp-block-columns is-layout-flex wp-container-core-columns-is-layout-9d6595d7 wp-block-columns-is-layout-flex\">\n<div class=\"wp-block-column is-layout-flow wp-block-column-is-layout-flow\"><\/div>\n\n\n\n<div class=\"wp-block-column is-layout-flow wp-block-column-is-layout-flow\"><\/div>\n\n\n\n<div class=\"wp-block-column is-layout-flow wp-block-column-is-layout-flow\"><\/div>\n<\/div>\n\n\n\n<div class=\"wp-block-columns is-layout-flex wp-container-core-columns-is-layout-9d6595d7 wp-block-columns-is-layout-flex\">\n<div class=\"wp-block-column is-layout-flow wp-block-column-is-layout-flow\"><\/div>\n\n\n\n<div class=\"wp-block-column is-layout-flow wp-block-column-is-layout-flow\">\n<div class=\"wp-block-buttons is-horizontal is-content-justification-center is-layout-flex wp-container-core-buttons-is-layout-499968f5 wp-block-buttons-is-layout-flex\"><\/div>\n<\/div>\n\n\n\n<div class=\"wp-block-column is-layout-flow wp-block-column-is-layout-flow\"><\/div>\n<\/div>\n\n\n\n<div class=\"wp-block-columns are-vertically-aligned-top is-layout-flex wp-container-core-columns-is-layout-9d6595d7 wp-block-columns-is-layout-flex\">\n<div class=\"wp-block-column is-vertically-aligned-top is-layout-flow wp-block-column-is-layout-flow\"><\/div>\n<\/div>\n\n\n\n<p><\/p>\n","protected":false},"excerpt":{"rendered":"<p>Nous ne prenons temporairement plus de nouveaux patients. Le Dr Jean Heijmans sera peu pr\u00e9sent en mars et avril 2026<\/p>\n","protected":false},"author":1,"featured_media":0,"parent":0,"menu_order":0,"comment_status":"closed","ping_status":"closed","template":"","meta":{"footnotes":""},"class_list":["post-23","page","type-page","status-publish","hentry"],"_links":{"self":[{"href":"https:\/\/medi-toussaint.be\/index.php\/wp-json\/wp\/v2\/pages\/23","targetHints":{"allow":["GET"]}}],"collection":[{"href":"https:\/\/medi-toussaint.be\/index.php\/wp-json\/wp\/v2\/pages"}],"about":[{"href":"https:\/\/medi-toussaint.be\/index.php\/wp-json\/wp\/v2\/types\/page"}],"author":[{"embeddable":true,"href":"https:\/\/medi-toussaint.be\/index.php\/wp-json\/wp\/v2\/users\/1"}],"replies":[{"embeddable":true,"href":"https:\/\/medi-toussaint.be\/index.php\/wp-json\/wp\/v2\/comments?post=23"}],"version-history":[{"count":22,"href":"https:\/\/medi-toussaint.be\/index.php\/wp-json\/wp\/v2\/pages\/23\/revisions"}],"predecessor-version":[{"id":680,"href":"https:\/\/medi-toussaint.be\/index.php\/wp-json\/wp\/v2\/pages\/23\/revisions\/680"}],"wp:attachment":[{"href":"https:\/\/medi-toussaint.be\/index.php\/wp-json\/wp\/v2\/media?parent=23"}],"curies":[{"name":"wp","href":"https:\/\/api.w.org\/{rel}","templated":true}]}}